{"id":10643,"date":"2021-11-15T20:11:11","date_gmt":"2021-11-15T20:11:11","guid":{"rendered":"https:\/\/www.ibermusicas.org\/?page_id=10643"},"modified":"2025-09-10T18:58:37","modified_gmt":"2025-09-10T18:58:37","slug":"rios-convocatorias-pt","status":"publish","type":"page","link":"https:\/\/www.ibermusicas.org\/index.php\/rios-convocatorias-pt\/","title":{"rendered":"A\u00e7\u00f5es RIOS"},"content":{"rendered":"\n<figure class=\"wp-block-image size-medium alignnone\"><img loading=\"lazy\" decoding=\"async\" width=\"639\" height=\"403\" src=\"https:\/\/www.ibermusicas.org\/wp-content\/uploads\/2021\/03\/orquesta.jpeg\" alt=\"\" class=\"wp-image-4787\"\/><\/figure>\n\n\n\n<h2 class=\"wp-block-heading\">Forma\u00e7\u00e3o: Produ\u00e7\u00e3o e transmiss\u00e3o de registos audiovisuais<\/h2>\n\n\n\n<p>Entre setembro e novembro de 2023, a equipe da Orquestra Filarm\u00f4nica da Universidade Nacional Aut\u00f4noma do M\u00e9xico proporcionar\u00e1 aos nossos membros forma\u00e7\u00e3o profissional na produ\u00e7\u00e3o de registros audiovisuais e sua transmiss\u00e3o em m\u00faltiplas plataformas. Ser\u00e3o cinco sess\u00f5es intensivas nos dias 21 de setembro (Intro), 16 e 17 de novembro (AUDIO);&nbsp; 23 e 24 de novembro (VIDEO) na plataforma Zoom. A atividade \u00e9 gratuita e ser\u00e3o emitidos certificados de participa\u00e7\u00e3o.<\/p>\n\n\n\n<p>Ministrado por: Valeria Palomino, Francis Palomares, Carlos Fonseca e Gabriel Casta\u00f1\u00f3n<\/p>\n\n\n\n<div class=\"wp-block-buttons is-layout-flex wp-block-buttons-is-layout-flex\">\n<div class=\"wp-block-button\"><a class=\"wp-block-button__link wp-element-button\" href=\"https:\/\/drive.google.com\/file\/d\/1Eu3PpLSDIcnXH7Kynzs2ZwgstpWziUek\/view?usp=drive_link\" target=\"%20_blank\" rel=\"noopener noreferrer\">PROGRAMA<\/a><\/div>\n<\/div>\n\n\n\n<figure class=\"wp-block-image size-medium alignnone\"><img loading=\"lazy\" decoding=\"async\" width=\"226\" height=\"218\" src=\"https:\/\/www.ibermusicas.org\/wp-content\/uploads\/2021\/09\/mola_logo.jpeg\" alt=\"\" class=\"wp-image-9992\"\/><\/figure>\n\n\n\n<h2 class=\"wp-block-heading\">Treinando para arquivistas e bibliotec\u00e1rios musicais<\/h2>\n\n\n\n<p>Uma forma\u00e7\u00e3o profissional dedicada ao aperfei\u00e7oamento de arquivistas e bibliotec\u00e1rios musicais ser\u00e1 realizada em colabora\u00e7\u00e3o entre RIOS e M.O.L.A. (Associa\u00e7\u00e3o dos Bibliotec\u00e1rios da Grande Orquestra). Haver\u00e1 espa\u00e7os de discuss\u00e3o e reuni\u00e3o, e 5 m\u00f3dulos t\u00e9cnicos a definir com base nas demandas (prepara\u00e7\u00e3o e montagem de materiais, cataloga\u00e7\u00e3o, preserva\u00e7\u00e3o, revis\u00e3o, cortes, \u00f3pera, direitos intelectuais e editoriais, etc.)<\/p>\n\n\n","protected":false},"excerpt":{"rendered":"<p>Forma\u00e7\u00e3o: Produ\u00e7\u00e3o e transmiss\u00e3o de registos audiovisuais Entre setembro e novembro de 2023, a equipe da Orquestra Filarm\u00f4nica da Universidade Nacional Aut\u00f4noma do M\u00e9xico proporcionar\u00e1 aos nossos membros forma\u00e7\u00e3o profissional na produ\u00e7\u00e3o de registros audiovisuais e sua transmiss\u00e3o em m\u00faltiplas plataformas. Ser\u00e3o cinco sess\u00f5es intensivas nos dias 21 de setembro (Intro), 16 e 17 de [&hellip;]<\/p>\n","protected":false},"author":1,"featured_media":0,"parent":0,"menu_order":0,"comment_status":"closed","ping_status":"closed","template":"rios-pt-2","meta":{"_monsterinsights_skip_tracking":false,"_monsterinsights_sitenote_active":false,"_monsterinsights_sitenote_note":"","_monsterinsights_sitenote_category":0,"footnotes":""},"class_list":["post-10643","page","type-page","status-publish","hentry"],"lang":"pt","translations":{"pt":10643,"es":6687},"pll_sync_post":[],"post_mailing_queue_ids":[],"_links":{"self":[{"href":"https:\/\/www.ibermusicas.org\/index.php\/wp-json\/wp\/v2\/pages\/10643","targetHints":{"allow":["GET"]}}],"collection":[{"href":"https:\/\/www.ibermusicas.org\/index.php\/wp-json\/wp\/v2\/pages"}],"about":[{"href":"https:\/\/www.ibermusicas.org\/index.php\/wp-json\/wp\/v2\/types\/page"}],"author":[{"embeddable":true,"href":"https:\/\/www.ibermusicas.org\/index.php\/wp-json\/wp\/v2\/users\/1"}],"replies":[{"embeddable":true,"href":"https:\/\/www.ibermusicas.org\/index.php\/wp-json\/wp\/v2\/comments?post=10643"}],"version-history":[{"count":2,"href":"https:\/\/www.ibermusicas.org\/index.php\/wp-json\/wp\/v2\/pages\/10643\/revisions"}],"predecessor-version":[{"id":26129,"href":"https:\/\/www.ibermusicas.org\/index.php\/wp-json\/wp\/v2\/pages\/10643\/revisions\/26129"}],"wp:attachment":[{"href":"https:\/\/www.ibermusicas.org\/index.php\/wp-json\/wp\/v2\/media?parent=10643"}],"curies":[{"name":"wp","href":"https:\/\/api.w.org\/{rel}","templated":true}]}}