{"id":11879,"date":"2022-05-17T20:39:32","date_gmt":"2022-05-17T20:39:32","guid":{"rendered":"https:\/\/www.ibermusicas.org\/?page_id=11879"},"modified":"2025-06-18T02:33:46","modified_gmt":"2025-06-18T02:33:46","slug":"manuales","status":"publish","type":"page","link":"https:\/\/www.ibermusicas.org\/index.php\/manuales\/","title":{"rendered":"Manuales"},"content":{"rendered":"\n<h2 class=\"wp-block-heading\">&nbsp;Manuales<\/h2>\n\n\n\n<div class=\"wp-block-query is-layout-flow wp-block-query-is-layout-flow\"><ul class=\"wp-block-post-template is-layout-flow wp-block-post-template-is-layout-flow\"><li class=\"wp-block-post post-9978 post type-post status-publish format-standard has-post-thumbnail hentry category-manuales\">\n\n<div class=\"wp-block-columns alignwide is-style-default is-layout-flex wp-container-core-columns-is-layout-28f84493 wp-block-columns-is-layout-flex\">\n<div class=\"wp-block-column is-layout-flow wp-block-column-is-layout-flow\" style=\"flex-basis:50%\"><figure class=\"wp-block-post-featured-image\"><a href=\"https:\/\/www.ibermusicas.org\/index.php\/se-lanzo-el-manual-iberoamericano-de-derechos-intelectuales-en-la-musica\/\" target=\"_self\"  ><img loading=\"lazy\" decoding=\"async\" width=\"945\" height=\"945\" src=\"https:\/\/www.ibermusicas.org\/wp-content\/uploads\/2021\/09\/Manual-INAMU-Image-2021-08-30-at-15.48.31-6.jpeg\" class=\"attachment-post-thumbnail size-post-thumbnail wp-post-image\" alt=\"Descarg\u00e1 aqu\u00ed el Manual Iberoamericano de Derechos Intelectuales en la M\u00fasica!\" style=\"object-fit:cover;\" \/><\/a><\/figure><\/div>\n\n\n\n<div class=\"wp-block-column is-layout-flow wp-block-column-is-layout-flow\" style=\"flex-basis:50%\"><h2 class=\"wp-block-post-title\"><a href=\"https:\/\/www.ibermusicas.org\/index.php\/se-lanzo-el-manual-iberoamericano-de-derechos-intelectuales-en-la-musica\/\" target=\"_self\" >Descarg\u00e1 aqu\u00ed el Manual Iberoamericano de Derechos Intelectuales en la M\u00fasica!<\/a><\/h2><\/div>\n<\/div>\n\n\n<div class=\"wp-block-post-excerpt\"><p class=\"wp-block-post-excerpt__excerpt\">Se lanz\u00f3 el Manual Iberoamericano de Derechos Intelectuales en la M\u00fasica La edici\u00f3n del Manual Iberoamericano de Derechos Intelectuales en la M\u00fasica es un Proyecto Especial para el Programa Iberm\u00fasicas impulsado por la Argentina desde el Instituto Nacional de la M\u00fasica, INAMU y la Secretar\u00eda de Gesti\u00f3n Cultural del Ministerio de Cultura de la Naci\u00f3n.&hellip; <\/p><\/div>\n<\/li><\/ul><\/div>\n","protected":false},"excerpt":{"rendered":"<p>&nbsp;Manuales<\/p>\n","protected":false},"author":1,"featured_media":0,"parent":0,"menu_order":0,"comment_status":"closed","ping_status":"closed","template":"","meta":{"_monsterinsights_skip_tracking":false,"_monsterinsights_sitenote_active":false,"_monsterinsights_sitenote_note":"","_monsterinsights_sitenote_category":0,"footnotes":""},"class_list":["post-11879","page","type-page","status-publish","hentry"],"lang":"es","translations":{"es":11879,"pt":11886},"pll_sync_post":[],"post_mailing_queue_ids":[],"_links":{"self":[{"href":"https:\/\/www.ibermusicas.org\/index.php\/wp-json\/wp\/v2\/pages\/11879","targetHints":{"allow":["GET"]}}],"collection":[{"href":"https:\/\/www.ibermusicas.org\/index.php\/wp-json\/wp\/v2\/pages"}],"about":[{"href":"https:\/\/www.ibermusicas.org\/index.php\/wp-json\/wp\/v2\/types\/page"}],"author":[{"embeddable":true,"href":"https:\/\/www.ibermusicas.org\/index.php\/wp-json\/wp\/v2\/users\/1"}],"replies":[{"embeddable":true,"href":"https:\/\/www.ibermusicas.org\/index.php\/wp-json\/wp\/v2\/comments?post=11879"}],"version-history":[{"count":0,"href":"https:\/\/www.ibermusicas.org\/index.php\/wp-json\/wp\/v2\/pages\/11879\/revisions"}],"wp:attachment":[{"href":"https:\/\/www.ibermusicas.org\/index.php\/wp-json\/wp\/v2\/media?parent=11879"}],"curies":[{"name":"wp","href":"https:\/\/api.w.org\/{rel}","templated":true}]}}