{"id":11886,"date":"2022-05-17T20:46:51","date_gmt":"2022-05-17T20:46:51","guid":{"rendered":"https:\/\/www.ibermusicas.org\/?page_id=11886"},"modified":"2025-06-18T02:34:01","modified_gmt":"2025-06-18T02:34:01","slug":"manuales-pt","status":"publish","type":"page","link":"https:\/\/www.ibermusicas.org\/index.php\/manuales-pt\/","title":{"rendered":"Manuales &#8211; PT"},"content":{"rendered":"\n<h1 class=\"wp-block-heading\"><span style=\"color: #0b4852;\">MANUAIS<\/span><\/h1>\n\n\n\n<div class=\"wp-block-query is-layout-flow wp-block-query-is-layout-flow\"><ul class=\"wp-block-post-template is-layout-flow wp-block-post-template-is-layout-flow\"><li class=\"wp-block-post post-9982 post type-post status-publish format-standard has-post-thumbnail hentry category-manuais\">\n\n<div class=\"wp-block-columns alignwide is-style-default is-layout-flex wp-container-core-columns-is-layout-28f84493 wp-block-columns-is-layout-flex\">\n<div class=\"wp-block-column is-layout-flow wp-block-column-is-layout-flow\" style=\"flex-basis:50%\"><figure class=\"wp-block-post-featured-image\"><a href=\"https:\/\/www.ibermusicas.org\/index.php\/se-lanca-o-manual-ibero-americano-de-direitos-intelectuais-na-musica\/\" target=\"_self\"  ><img loading=\"lazy\" decoding=\"async\" width=\"945\" height=\"945\" src=\"https:\/\/www.ibermusicas.org\/wp-content\/uploads\/2021\/09\/Manual-INAMU-Image-2021-08-30-at-15.48.31-4-1.jpeg\" class=\"attachment-post-thumbnail size-post-thumbnail wp-post-image\" alt=\"Baixe aqui o Manual Ibero-americano de Direitos Intelectuais na M\u00fasica\" style=\"object-fit:cover;\" \/><\/a><\/figure><\/div>\n\n\n\n<div class=\"wp-block-column is-layout-flow wp-block-column-is-layout-flow\" style=\"flex-basis:50%\"><h2 class=\"wp-block-post-title\"><a href=\"https:\/\/www.ibermusicas.org\/index.php\/se-lanca-o-manual-ibero-americano-de-direitos-intelectuais-na-musica\/\" target=\"_self\" >Baixe aqui o Manual Ibero-americano de Direitos Intelectuais na M\u00fasica<\/a><\/h2><\/div>\n<\/div>\n\n\n<div class=\"wp-block-post-excerpt\"><p class=\"wp-block-post-excerpt__excerpt\">Se lan\u00e7a o Manual Ibero-americano de Direitos Intelectuais na M\u00fasica A edi\u00e7\u00e3o do Manual Ibero-americano de Direitos Intelectuais na M\u00fasica \u00e9 um Projeto Especial para o Programa Iberm\u00fasicas, impulsionado pela Argentina desde o Instituto Nacional da M\u00fasica, INAMU e a Secretaria de Gest\u00e3o Cultural do Minist\u00e9rio da Cultura da Na\u00e7\u00e3o. O Manual Iberoamericano de direitos&hellip; <\/p><\/div>\n<\/li><\/ul><\/div>\n","protected":false},"excerpt":{"rendered":"<p>MANUAIS<\/p>\n","protected":false},"author":1,"featured_media":0,"parent":0,"menu_order":0,"comment_status":"closed","ping_status":"closed","template":"","meta":{"_monsterinsights_skip_tracking":false,"_monsterinsights_sitenote_active":false,"_monsterinsights_sitenote_note":"","_monsterinsights_sitenote_category":0,"footnotes":""},"class_list":["post-11886","page","type-page","status-publish","hentry"],"lang":"pt","translations":{"pt":11886,"es":11879},"pll_sync_post":[],"post_mailing_queue_ids":[],"_links":{"self":[{"href":"https:\/\/www.ibermusicas.org\/index.php\/wp-json\/wp\/v2\/pages\/11886","targetHints":{"allow":["GET"]}}],"collection":[{"href":"https:\/\/www.ibermusicas.org\/index.php\/wp-json\/wp\/v2\/pages"}],"about":[{"href":"https:\/\/www.ibermusicas.org\/index.php\/wp-json\/wp\/v2\/types\/page"}],"author":[{"embeddable":true,"href":"https:\/\/www.ibermusicas.org\/index.php\/wp-json\/wp\/v2\/users\/1"}],"replies":[{"embeddable":true,"href":"https:\/\/www.ibermusicas.org\/index.php\/wp-json\/wp\/v2\/comments?post=11886"}],"version-history":[{"count":0,"href":"https:\/\/www.ibermusicas.org\/index.php\/wp-json\/wp\/v2\/pages\/11886\/revisions"}],"wp:attachment":[{"href":"https:\/\/www.ibermusicas.org\/index.php\/wp-json\/wp\/v2\/media?parent=11886"}],"curies":[{"name":"wp","href":"https:\/\/api.w.org\/{rel}","templated":true}]}}