{"id":22144,"date":"2025-04-16T18:45:17","date_gmt":"2025-04-16T18:45:17","guid":{"rendered":"https:\/\/www.ibermusicas.org\/?page_id=22144"},"modified":"2025-07-31T23:51:05","modified_gmt":"2025-07-31T23:51:05","slug":"accesibilidad","status":"publish","type":"page","link":"https:\/\/www.ibermusicas.org\/index.php\/accesibilidad\/","title":{"rendered":"Accesibilidad"},"content":{"rendered":"\n<p>En Iberm\u00fasicas estamos transformando nuestra plataforma digital para que sea accesible para todas las personas. Este proceso es complejo porque debemos revisar miles de publicaciones, bases de datos y materiales multimedia creados en los \u00faltimos 15 a\u00f1os.<\/p>\n\n\n\n<p>Contamos con la ayuda de un equipo especializado que eval\u00faa nuestros sistemas, corrige problemas t\u00e9cnicos y nos capacita para crear contenidos inclusivos. Hemos modernizado el dise\u00f1o del sitio para que cumpla con est\u00e1ndares de accesibilidad desde su base, actualizado el gestor de contenidos y mejorado herramientas externas clave. Estos cambios son fundamentales y hacen posible construir una base s\u00f3lida de inclusi\u00f3n.<\/p>\n\n\n\n<p>A\u00fan enfrentamos desaf\u00edos: algunas herramientas personalizadas requieren ajustes o adaptaciones, y ciertos servicios de terceros no tienen alternativas accesibles que mantengan su funcionalidad completa, por lo que a\u00fan estamos trabajando en muchos aspectos.&nbsp;<\/p>\n\n\n\n<p>Entendemos la accesibilidad como un derecho, no como un fin en si mismo, sino como un medio para que todas las personas puedan participar plenamente y en igualdad de condiciones de nuestros programas y contenidos.<\/p>\n\n\n\n<p>A continuaci\u00f3n en nuestra declaraci\u00f3n de accesibilidad se detallan avances logrados y metas futuras.<\/p>\n\n\n\n<h2 class=\"wp-block-heading\">Medidas de apoyo a la accesibilidad<\/h2>\n\n\n\n<p>Ibermusicas toma las siguientes medidas para impulsar la accesibilidad en los espacios f\u00ecsicos y digitales:<\/p>\n\n\n\n<ul class=\"wp-block-list\">\n<li>Incluir la accesibilidad como parte de nuestra declaraci\u00f3n de visi\u00f3n estrat\u00e9gica.<\/li>\n\n\n\n<li>Integrar la accesibilidad en nuestras pr\u00e1cticas de compras y contrataciones.<\/li>\n\n\n\n<li>Designar un responsable de accesibilidad.<\/li>\n<\/ul>\n\n\n\n<h2 class=\"wp-block-heading\">Estado de conformidad<\/h2>\n\n\n\n<p>Las<a href=\"https:\/\/www.w3.org\/TR\/WCAG22\/\"> Pautas de Accesibilidad para el Contenido Web (WCAG)<\/a> definen los requisitos para que dise\u00f1adores y desarrolladores mejoren la accesibilidad para personas con discapacidad. Definen tres niveles de conformidad: Nivel A, Nivel AA y Nivel AAA. Nuestro sitio web p\u00fablico cumple parcialmente con el nivel AA de WCAG 2.2. Parcialmente conforme significa que algunas partes del contenido no cumplen completamente con el est\u00e1ndar de accesibilidad.<\/p>\n\n\n\n<h2 class=\"wp-block-heading\">Contacto<\/h2>\n\n\n\n<p>Por favor, inf\u00f3rmenos si encuentra alguna barrera de accesibilidad en nuestro sitio web p\u00fablico.<\/p>\n\n\n\n<ul class=\"wp-block-list\">\n<li>Correo electr\u00f3nico: <a href=\"mailto:micaela@ibermusicas.org\">micaela@ibermusicas.org<\/a><\/li>\n\n\n\n<li>Instagram: @<a href=\"https:\/\/www.instagram.com\/IBERMUSICAS\/\">IBERMUSICAS<\/a><\/li>\n<\/ul>\n\n\n\n<p>Intentamos responder a los comentarios dentro de 1 d\u00eda h\u00e1bil.<\/p>\n\n\n\n<h2 class=\"wp-block-heading\">Especificaciones t\u00e9cnicas<\/h2>\n\n\n\n<p>La accesibilidad de nuestro sitio web p\u00fablico se basa en las siguientes tecnolog\u00edas para funcionar, con la combinaci\u00f3n particular de navegador web y opcionalmente cualquier tecnolog\u00eda de apoyo o complemento instalado en su computadora o tel\u00e9fono:<\/p>\n\n\n\n<ul class=\"wp-block-list\">\n<li>HTML<\/li>\n\n\n\n<li>CSS<\/li>\n\n\n\n<li>JavaScript<\/li>\n\n\n\n<li>WAI-ARIA<\/li>\n<\/ul>\n\n\n\n<p>Se conf\u00eda en estas tecnolog\u00edas para garantizar el cumplimiento de los est\u00e1ndares de accesibilidad utilizados.<\/p>\n\n\n\n<p>Se ha utilizado marcado sem\u00e1ntico, con encabezados, regiones y etiquetado apropiados, usando ARIA para comunicar roles especiales y cambios din\u00e1micos de estado seg\u00fan corresponda.<\/p>\n\n\n\n<p>Se verific\u00f3 que el contenido se puede operar con un puntero simple como un mouse, con s\u00f3lo teclado, con control por voz, o con gestos t\u00e1ctiles de un solo punto que no dependen de trazos espec\u00edficos.&nbsp;<\/p>\n\n\n\n<p>Las pruebas de compatibilidad con lector de pantalla se realizaron con las siguientes combinaciones: Chrome y Firefox con NVDA en Windows, VoiceOver y Safari en MacOS, Chrome y Talkback en Android.&nbsp;&nbsp;<\/p>\n\n\n\n<h2 class=\"wp-block-heading\">Limitaciones<\/h2>\n\n\n\n<p>A pesar de nuestros mejores esfuerzos para garantizar la accesibilidad del sitio web p\u00fablico, hay algunas limitaciones. A continuaci\u00f3n, se describen las limitaciones conocidas y sus posibles soluciones. Cont\u00e1ctenos si observa alg\u00fan problema que no se encuentre en la lista a continuaci\u00f3n.<\/p>\n\n\n\n<ol class=\"wp-block-list\">\n<li><strong>Cat\u00e1logos de Partituras, Musical y de Investigaci\u00f3n,\u00a0 Banco de contenidos, Directorio de Orquestas, Convocatorias anteriores, Proyectos seleccionados, Playlists. <\/strong>Los filtros, paginados, e informaci\u00f3n emergente no funcionan para personas que solo usan el teclado, o personas usuarias de lectores de pantalla. Esto se debe a que dependemos de c\u00f3digo de terceros, escrito hace varios a\u00f1os y que no cumple con las normas. Estamos trabajando con un proveedor especializado en accesibilidad para actualizar o reemplazar el c\u00f3digo. Cont\u00e1ctenos si necesita ayuda para encontrar informaci\u00f3n espec\u00edfica.<\/li>\n\n\n\n<li><strong>Documentos Iberm\u00fasicas: <\/strong>los filtros presentan trampas para el foco, por lo que resultan dif\u00edciles de operar con solo teclado, y en menor grado con lector de pantalla.&nbsp;<\/li>\n\n\n\n<li><strong>Noticias: <\/strong>muchos art\u00edculos a\u00fan no tienen texto alternativo en las fotos que los ilustran.&nbsp;<\/li>\n\n\n\n<li><strong>Exclusiones. <\/strong>A\u00fan no se evaluaron los componentes integrados que dependen de terceros, como mapas, publicidad, vistas web, iframes u otros widgets con contenido externo. Subdominios como seleccionados.ibermusicas.org o sitios complementarios como groovelist.co todav\u00eda no est\u00e1n incluidos en nuestras medidas de accesibilidad. As\u00ec como tampoco documentos propios o de terceros en formato PDF.<\/li>\n<\/ol>\n\n\n\n<h2 class=\"wp-block-heading\">Enfoque de evaluaci\u00f3n<\/h2>\n\n\n\n<p>Ibermusicas evalu\u00f3 la accesibilidad del sitio web p\u00fablico mediante los siguientes enfoques:<\/p>\n\n\n\n<ul class=\"wp-block-list\">\n<li>Autoevaluaci\u00f3n<\/li>\n\n\n\n<li>Evaluaci\u00f3n externa<\/li>\n<\/ul>\n\n\n\n<h2 class=\"wp-block-heading\">Fecha<\/h2>\n\n\n\n<p>Esta declaraci\u00f3n fue creada el 16 de julio de 2025.<\/p>\n","protected":false},"excerpt":{"rendered":"<p>En Iberm\u00fasicas estamos transformando nuestra plataforma digital para que sea accesible para todas las personas. Este proceso es complejo porque debemos revisar miles de publicaciones, bases de datos y materiales multimedia creados en los \u00faltimos 15 a\u00f1os. Contamos con la ayuda de un equipo especializado que eval\u00faa nuestros sistemas, corrige problemas t\u00e9cnicos y nos capacita [&hellip;]<\/p>\n","protected":false},"author":1,"featured_media":0,"parent":0,"menu_order":0,"comment_status":"closed","ping_status":"closed","template":"","meta":{"_monsterinsights_skip_tracking":false,"_monsterinsights_sitenote_active":false,"_monsterinsights_sitenote_note":"","_monsterinsights_sitenote_category":0,"footnotes":""},"class_list":["post-22144","page","type-page","status-publish","hentry"],"lang":"es","translations":{"es":22144,"pt":22151},"pll_sync_post":[],"post_mailing_queue_ids":[],"_links":{"self":[{"href":"https:\/\/www.ibermusicas.org\/index.php\/wp-json\/wp\/v2\/pages\/22144","targetHints":{"allow":["GET"]}}],"collection":[{"href":"https:\/\/www.ibermusicas.org\/index.php\/wp-json\/wp\/v2\/pages"}],"about":[{"href":"https:\/\/www.ibermusicas.org\/index.php\/wp-json\/wp\/v2\/types\/page"}],"author":[{"embeddable":true,"href":"https:\/\/www.ibermusicas.org\/index.php\/wp-json\/wp\/v2\/users\/1"}],"replies":[{"embeddable":true,"href":"https:\/\/www.ibermusicas.org\/index.php\/wp-json\/wp\/v2\/comments?post=22144"}],"version-history":[{"count":0,"href":"https:\/\/www.ibermusicas.org\/index.php\/wp-json\/wp\/v2\/pages\/22144\/revisions"}],"wp:attachment":[{"href":"https:\/\/www.ibermusicas.org\/index.php\/wp-json\/wp\/v2\/media?parent=22144"}],"curies":[{"name":"wp","href":"https:\/\/api.w.org\/{rel}","templated":true}]}}