{"id":2300,"date":"2020-04-29T00:00:40","date_gmt":"2020-04-29T00:00:40","guid":{"rendered":"http:\/\/35.173.133.8\/?page_id=2300"},"modified":"2025-11-01T10:06:40","modified_gmt":"2025-11-01T10:06:40","slug":"convocatorias-pt","status":"publish","type":"page","link":"https:\/\/www.ibermusicas.org\/index.php\/convocatorias-pt\/","title":{"rendered":"Editais"},"content":{"rendered":"\n<div class=\"wp-block-group has-global-padding is-layout-constrained wp-block-group-is-layout-constrained\">\n<p>As pr\u00f3ximas chamadas do Iberm\u00fasicas ser\u00e3o abertas em meados de 2026 e destinadas a projetos a serem realizados em 2027.<\/p>\n\n\n<\/div>\n\n\n\n\n\n\n\n\n\n\n\n\n\n\n\n\n\n\n\n\n\n\n\n\n\n\n\n\n\n\n\n\n\n\n\n\n\n\n\n\n\n\n\n\n\n\n\n\n\n\n\n\n\n\n\n\n\n\n\n\n\n\n\n\n\n\n\n\n\n\n\n\n\n\n\n\n\n\n\n\n\n\n\n\n\n\n\n\n\n\n\n\n\n\n\n\n\n\n\n\n\n\n\n\n","protected":false},"excerpt":{"rendered":"<p>As pr\u00f3ximas chamadas do Iberm\u00fasicas ser\u00e3o abertas em meados de 2026 e destinadas a projetos a serem realizados em 2027. Apoio \u00e0 circula\u00e7\u00e3o de profissionais da m\u00fasica Uma linha de apoio pensada para levar o seu trabalho musical a qualquer parte do mundo! Podem ser apresentados projetos que visem \u00e0 internacionaliza\u00e7\u00e3o de espect\u00e1culos musicais, bem [&hellip;]<\/p>\n","protected":false},"author":1,"featured_media":0,"parent":0,"menu_order":0,"comment_status":"closed","ping_status":"closed","template":"","meta":{"_monsterinsights_skip_tracking":false,"_monsterinsights_sitenote_active":false,"_monsterinsights_sitenote_note":"","_monsterinsights_sitenote_category":0,"footnotes":""},"class_list":["post-2300","page","type-page","status-publish","hentry"],"lang":"pt","translations":{"pt":2300,"es":1493},"pll_sync_post":[],"post_mailing_queue_ids":[],"_links":{"self":[{"href":"https:\/\/www.ibermusicas.org\/index.php\/wp-json\/wp\/v2\/pages\/2300","targetHints":{"allow":["GET"]}}],"collection":[{"href":"https:\/\/www.ibermusicas.org\/index.php\/wp-json\/wp\/v2\/pages"}],"about":[{"href":"https:\/\/www.ibermusicas.org\/index.php\/wp-json\/wp\/v2\/types\/page"}],"author":[{"embeddable":true,"href":"https:\/\/www.ibermusicas.org\/index.php\/wp-json\/wp\/v2\/users\/1"}],"replies":[{"embeddable":true,"href":"https:\/\/www.ibermusicas.org\/index.php\/wp-json\/wp\/v2\/comments?post=2300"}],"version-history":[{"count":14,"href":"https:\/\/www.ibermusicas.org\/index.php\/wp-json\/wp\/v2\/pages\/2300\/revisions"}],"predecessor-version":[{"id":26850,"href":"https:\/\/www.ibermusicas.org\/index.php\/wp-json\/wp\/v2\/pages\/2300\/revisions\/26850"}],"wp:attachment":[{"href":"https:\/\/www.ibermusicas.org\/index.php\/wp-json\/wp\/v2\/media?parent=2300"}],"curies":[{"name":"wp","href":"https:\/\/api.w.org\/{rel}","templated":true}]}}