{"id":24435,"date":"2025-06-22T21:29:52","date_gmt":"2025-06-22T21:29:52","guid":{"rendered":"https:\/\/www.ibermusicas.org\/?page_id=24435"},"modified":"2025-10-16T12:25:14","modified_gmt":"2025-10-16T12:25:14","slug":"formulario-de-rendicion-de-proyectos","status":"publish","type":"page","link":"https:\/\/www.ibermusicas.org\/index.php\/formulario-de-rendicion-de-proyectos\/","title":{"rendered":"Formulario de rendici\u00f3n de proyectos"},"content":{"rendered":"\n<div class=\"wp-block-group has-global-padding is-layout-constrained wp-block-group-is-layout-constrained\">\n<div class=\"wp-block-columns alignwide is-layout-flex wp-container-core-columns-is-layout-66fad18a wp-block-columns-is-layout-flex\">\n<div class=\"wp-block-column is-vertically-aligned-top is-layout-flow wp-block-column-is-layout-flow\" style=\"padding-right:var(--wp--preset--spacing--50);flex-basis:40%\">\n<figure class=\"wp-block-image size-full has-custom-border\"><img loading=\"lazy\" decoding=\"async\" width=\"559\" height=\"699\" src=\"https:\/\/www.ibermusicas.org\/wp-content\/uploads\/2025\/06\/groovelist-login.jpg\" alt=\"\" class=\"wp-image-24436\" style=\"border-style:none;border-width:0px;border-radius:0px\" srcset=\"https:\/\/www.ibermusicas.org\/wp-content\/uploads\/2025\/06\/groovelist-login.jpg 559w, https:\/\/www.ibermusicas.org\/wp-content\/uploads\/2025\/06\/groovelist-login-240x300.jpg 240w\" sizes=\"auto, (max-width: 559px) 100vw, 559px\" \/><\/figure>\n\n\n\n<div class=\"wp-block-group is-style-default has-global-padding is-layout-constrained wp-block-group-is-layout-constrained\" style=\"margin-top:-12vw\">\n<figure class=\"wp-block-image alignright size-full is-resized has-custom-border wp-duotone-unset-1\" style=\"margin-right:-5vw;margin-left:-5vw\"><img loading=\"lazy\" decoding=\"async\" width=\"224\" height=\"221\" src=\"https:\/\/www.ibermusicas.org\/wp-content\/uploads\/2025\/06\/LOGO-SIN-LETRAS-BG_W.jpg\" alt=\"\" class=\"has-border-color wp-image-24438\" style=\"border-color:color-mix(in srgb, currentColor 20%, transparent);border-width:1px;border-radius:0px;width:150px\"\/><\/figure>\n<\/div>\n<\/div>\n\n\n\n<div class=\"wp-block-column is-vertically-aligned-top is-layout-flow wp-block-column-is-layout-flow\" style=\"padding-right:0;padding-left:0;flex-basis:60%\">\n<p class=\"has-medium-font-size\">Debido a la optimizaci\u00f3n de la web de Iberm\u00fasicas, realizamos el procesamiento de datos de nuestras convocatorias en una plataforma llamada GrooveList. Es por ello que ser\u00e1s redirigida\/o a GrooveList para iniciar sesi\u00f3n. Luego visualizar\u00e1s en la secci\u00f3n de \u00abMis postulaciones\u00bb un formulario nuevo: \u00abInforme de Proyecto\u00bb. All\u00ed deber\u00e1s ingresar para completar la rendici\u00f3n.<\/p>\n\n\n\n<div class=\"wp-block-buttons is-content-justification-center is-layout-flex wp-container-core-buttons-is-layout-a89b3969 wp-block-buttons-is-layout-flex\">\n<div class=\"wp-block-button has-custom-width wp-block-button__width-50\"><a class=\"wp-block-button__link wp-element-button\" href=\"https:\/\/groovelist.co\/login\/443\/draft\">realizar informe<\/a><\/div>\n\n\n\n<div class=\"wp-block-button has-custom-width wp-block-button__width-50\"><a class=\"wp-block-button__link wp-element-button\" href=\"https:\/\/www.ibermusicas.org\/wp-content\/uploads\/2025\/10\/Ibermusicas-Rendicion-de-informe-de-proyecto-ok.pdf\" style=\"padding-right:10px;padding-left:10px\" target=\"_blank\" rel=\"noreferrer noopener\">Descargar instructivo<\/a><\/div>\n<\/div>\n<\/div>\n<\/div>\n<\/div>\n","protected":false},"excerpt":{"rendered":"<p>Debido a la optimizaci\u00f3n de la web de Iberm\u00fasicas, realizamos el procesamiento de datos de nuestras convocatorias en una plataforma llamada GrooveList. Es por ello que ser\u00e1s redirigida\/o a GrooveList para iniciar sesi\u00f3n. Luego visualizar\u00e1s en la secci\u00f3n de \u00abMis postulaciones\u00bb un formulario nuevo: \u00abInforme de Proyecto\u00bb. All\u00ed deber\u00e1s ingresar para completar la rendici\u00f3n.<\/p>\n","protected":false},"author":12,"featured_media":0,"parent":0,"menu_order":0,"comment_status":"closed","ping_status":"closed","template":"","meta":{"_monsterinsights_skip_tracking":false,"_monsterinsights_sitenote_active":false,"_monsterinsights_sitenote_note":"","_monsterinsights_sitenote_category":0,"footnotes":""},"class_list":["post-24435","page","type-page","status-publish","hentry"],"lang":"es","translations":{"es":24435,"pt":24450},"pll_sync_post":[],"post_mailing_queue_ids":[],"_links":{"self":[{"href":"https:\/\/www.ibermusicas.org\/index.php\/wp-json\/wp\/v2\/pages\/24435","targetHints":{"allow":["GET"]}}],"collection":[{"href":"https:\/\/www.ibermusicas.org\/index.php\/wp-json\/wp\/v2\/pages"}],"about":[{"href":"https:\/\/www.ibermusicas.org\/index.php\/wp-json\/wp\/v2\/types\/page"}],"author":[{"embeddable":true,"href":"https:\/\/www.ibermusicas.org\/index.php\/wp-json\/wp\/v2\/users\/12"}],"replies":[{"embeddable":true,"href":"https:\/\/www.ibermusicas.org\/index.php\/wp-json\/wp\/v2\/comments?post=24435"}],"version-history":[{"count":2,"href":"https:\/\/www.ibermusicas.org\/index.php\/wp-json\/wp\/v2\/pages\/24435\/revisions"}],"predecessor-version":[{"id":26614,"href":"https:\/\/www.ibermusicas.org\/index.php\/wp-json\/wp\/v2\/pages\/24435\/revisions\/26614"}],"wp:attachment":[{"href":"https:\/\/www.ibermusicas.org\/index.php\/wp-json\/wp\/v2\/media?parent=24435"}],"curies":[{"name":"wp","href":"https:\/\/api.w.org\/{rel}","templated":true}]}}