{"id":24456,"date":"2025-06-22T22:08:52","date_gmt":"2025-06-22T22:08:52","guid":{"rendered":"https:\/\/www.ibermusicas.org\/?page_id=24456"},"modified":"2025-06-23T13:18:35","modified_gmt":"2025-06-23T13:18:35","slug":"crear-o-editar-perfil","status":"publish","type":"page","link":"https:\/\/www.ibermusicas.org\/index.php\/crear-o-editar-perfil\/","title":{"rendered":"Crear o editar perfil"},"content":{"rendered":"\n<div class=\"wp-block-group has-global-padding is-layout-constrained wp-block-group-is-layout-constrained\">\n<div class=\"wp-block-columns alignwide is-layout-flex wp-container-core-columns-is-layout-66fad18a wp-block-columns-is-layout-flex\">\n<div class=\"wp-block-column is-vertically-aligned-top is-layout-flow wp-block-column-is-layout-flow\" style=\"padding-right:var(--wp--preset--spacing--50);flex-basis:40%\">\n<figure class=\"wp-block-image size-full has-custom-border\"><img loading=\"lazy\" decoding=\"async\" width=\"559\" height=\"699\" src=\"https:\/\/www.ibermusicas.org\/wp-content\/uploads\/2025\/06\/groovelist-login.jpg\" alt=\"\" class=\"wp-image-24436\" style=\"border-style:none;border-width:0px;border-radius:0px\" srcset=\"https:\/\/www.ibermusicas.org\/wp-content\/uploads\/2025\/06\/groovelist-login.jpg 559w, https:\/\/www.ibermusicas.org\/wp-content\/uploads\/2025\/06\/groovelist-login-240x300.jpg 240w\" sizes=\"auto, (max-width: 559px) 100vw, 559px\" \/><\/figure>\n\n\n\n<div class=\"wp-block-group is-style-default has-global-padding is-layout-constrained wp-block-group-is-layout-constrained\" style=\"margin-top:-12vw\">\n<figure class=\"wp-block-image alignright size-full is-resized has-custom-border wp-duotone-unset-1\" style=\"margin-right:-5vw;margin-left:-5vw\"><img loading=\"lazy\" decoding=\"async\" width=\"224\" height=\"221\" src=\"https:\/\/www.ibermusicas.org\/wp-content\/uploads\/2025\/06\/LOGO-SIN-LETRAS-BG_W.jpg\" alt=\"\" class=\"has-border-color wp-image-24438\" style=\"border-color:color-mix(in srgb, currentColor 20%, transparent);border-width:1px;border-radius:0px;width:150px\"\/><\/figure>\n<\/div>\n<\/div>\n\n\n\n<div class=\"wp-block-column is-vertically-aligned-top is-layout-flow wp-block-column-is-layout-flow\" style=\"padding-right:0;padding-left:0;flex-basis:60%\">\n<p class=\"has-medium-font-size\">Debido a la optimizaci\u00f3n de la web de Iberm\u00fasicas, es necesario que las y los integrantes de nuestra comunidad se registren en la plataforma donde realizamos el procesamiento de datos de nuestras convocatorias, llamada \u00abGrooveList\u00bb. El perfil que crees en Groovelist se podr\u00e1 visualizar en el \u00abCat\u00e1logo del Sector Musical\u00bb de Iberm\u00fasicas y eso te dar\u00e1 la posibilidad de participar en las convocatorias y concursos del Programa. Para ello, debes seleccionar el bot\u00f3n \u201cCrear un perfil\u201d y continuar los pasos para registrarte como un usuario (nombre, mail y clave) y luego completar un formulario con los datos y trayectoria del perfil art\u00edstico, profesional, institucional o empresarial.<\/p>\n\n\n\n<p>Si tienes un perfil ya creado en Groovelist pero que a\u00fan no forma parte del \u00abCat\u00e1logo del Sector Musical\u00bb de Iberm\u00fasicas, debes seleccionar el bot\u00f3n \u201cCrear un perfil\u201d y, luego de ingresar tus datos de usuario de Groovelist, en el paso siguiente seleccionar el perfil que deseas forme parte del \u00abCat\u00e1logo del Sector Musical\u00bb de Iberm\u00fasicas.<\/p>\n\n\n\n<p class=\"has-medium-font-size\">Si tienes un perfil que ya forma parte del \u00abCat\u00e1logo del Sector Musical\u00bb de Iberm\u00fasicas y deseas sumar m\u00e1s informaci\u00f3n o modificarla, debes seleccionar el bot\u00f3n \u201cEditar un perfil\u201d, luego de ingresar tus datos de usuario de Groovelist y continuar los pasos siguientes.<\/p>\n\n\n\n<div class=\"wp-block-buttons is-content-justification-left is-layout-flex wp-container-core-buttons-is-layout-fc4fd283 wp-block-buttons-is-layout-flex\">\n<div class=\"wp-block-button has-custom-width wp-block-button__width-50\"><a class=\"wp-block-button__link wp-element-button\" href=\"https:\/\/groovelist.co\/login\/356\">Crear perfil<\/a><\/div>\n\n\n\n<div class=\"wp-block-button has-custom-width wp-block-button__width-50\"><a class=\"wp-block-button__link wp-element-button\" href=\"https:\/\/groovelist.co\/\">Editar Perfil<\/a><\/div>\n<\/div>\n<\/div>\n<\/div>\n<\/div>\n","protected":false},"excerpt":{"rendered":"<p>Debido a la optimizaci\u00f3n de la web de Iberm\u00fasicas, es necesario que las y los integrantes de nuestra comunidad se registren en la plataforma donde realizamos el procesamiento de datos de nuestras convocatorias, llamada \u00abGrooveList\u00bb. El perfil que crees en Groovelist se podr\u00e1 visualizar en el \u00abCat\u00e1logo del Sector Musical\u00bb de Iberm\u00fasicas y eso te [&hellip;]<\/p>\n","protected":false},"author":12,"featured_media":0,"parent":0,"menu_order":0,"comment_status":"closed","ping_status":"closed","template":"","meta":{"_monsterinsights_skip_tracking":false,"_monsterinsights_sitenote_active":false,"_monsterinsights_sitenote_note":"","_monsterinsights_sitenote_category":0,"footnotes":""},"class_list":["post-24456","page","type-page","status-publish","hentry"],"lang":"es","translations":{"es":24456,"pt":24458},"pll_sync_post":[],"post_mailing_queue_ids":[],"_links":{"self":[{"href":"https:\/\/www.ibermusicas.org\/index.php\/wp-json\/wp\/v2\/pages\/24456","targetHints":{"allow":["GET"]}}],"collection":[{"href":"https:\/\/www.ibermusicas.org\/index.php\/wp-json\/wp\/v2\/pages"}],"about":[{"href":"https:\/\/www.ibermusicas.org\/index.php\/wp-json\/wp\/v2\/types\/page"}],"author":[{"embeddable":true,"href":"https:\/\/www.ibermusicas.org\/index.php\/wp-json\/wp\/v2\/users\/12"}],"replies":[{"embeddable":true,"href":"https:\/\/www.ibermusicas.org\/index.php\/wp-json\/wp\/v2\/comments?post=24456"}],"version-history":[{"count":0,"href":"https:\/\/www.ibermusicas.org\/index.php\/wp-json\/wp\/v2\/pages\/24456\/revisions"}],"wp:attachment":[{"href":"https:\/\/www.ibermusicas.org\/index.php\/wp-json\/wp\/v2\/media?parent=24456"}],"curies":[{"name":"wp","href":"https:\/\/api.w.org\/{rel}","templated":true}]}}