{"id":24557,"date":"2025-06-23T13:56:28","date_gmt":"2025-06-23T13:56:28","guid":{"rendered":"https:\/\/www.ibermusicas.org\/?page_id=24557"},"modified":"2025-08-28T02:13:32","modified_gmt":"2025-08-28T02:13:32","slug":"inscreva-se-em-editais-e-concursos-ibermusicas","status":"publish","type":"page","link":"https:\/\/www.ibermusicas.org\/index.php\/inscreva-se-em-editais-e-concursos-ibermusicas\/","title":{"rendered":"Inscreva-se em editais e concursos Iberm\u00fasicas"},"content":{"rendered":"\n<div class=\"wp-block-group has-global-padding is-layout-constrained wp-block-group-is-layout-constrained\">\n<div class=\"wp-block-columns alignwide is-layout-flex wp-container-core-columns-is-layout-66fad18a wp-block-columns-is-layout-flex\">\n<div class=\"wp-block-column is-vertically-aligned-top is-layout-flow wp-block-column-is-layout-flow\" style=\"padding-right:var(--wp--preset--spacing--50);flex-basis:40%\">\n<figure class=\"wp-block-image size-full has-custom-border\"><img loading=\"lazy\" decoding=\"async\" width=\"559\" height=\"699\" src=\"https:\/\/www.ibermusicas.org\/wp-content\/uploads\/2025\/06\/groovelist-login.jpg\" alt=\"\" class=\"wp-image-24451\" style=\"border-style:none;border-width:0px;border-radius:0px\" srcset=\"https:\/\/www.ibermusicas.org\/wp-content\/uploads\/2025\/06\/groovelist-login.jpg 559w, https:\/\/www.ibermusicas.org\/wp-content\/uploads\/2025\/06\/groovelist-login-240x300.jpg 240w\" sizes=\"auto, (max-width: 559px) 100vw, 559px\" \/><\/figure>\n\n\n\n<div class=\"wp-block-group is-style-default has-global-padding is-layout-constrained wp-block-group-is-layout-constrained\" style=\"margin-top:-12vw\">\n<figure class=\"wp-block-image alignright size-full is-resized has-custom-border wp-duotone-unset-1\" style=\"margin-right:-5vw;margin-left:-5vw\"><img loading=\"lazy\" decoding=\"async\" width=\"224\" height=\"221\" src=\"https:\/\/www.ibermusicas.org\/wp-content\/uploads\/2025\/06\/LOGO-SIN-LETRAS-BG_W.jpg\" alt=\"\" class=\"has-border-color wp-image-24452\" style=\"border-color:color-mix(in srgb, currentColor 20%, transparent);border-width:1px;border-radius:0px;width:150px\"\/><\/figure>\n<\/div>\n<\/div>\n\n\n\n<div class=\"wp-block-column is-vertically-aligned-top is-layout-flow wp-block-column-is-layout-flow\" style=\"padding-right:0;padding-left:0;flex-basis:60%\">\n<p class=\"has-medium-font-size\">Devido \u00e0 otimiza\u00e7\u00e3o do site da Iberm\u00fasicas, processamos os dados de nossos editais e concursos em uma plataforma chamada \u00abGrooveList\u00bb.<\/p>\n\n\n\n<p>Se voc\u00ea j\u00e1 tem um usu\u00e1rio no \u00abGrooveList\u00bb, pode inserir seus dados e prosseguir para o formul\u00e1rio de registro.<\/p>\n\n\n\n<p>Se voc\u00ea n\u00e3o tem um nome de usu\u00e1rio, dever\u00e1 se registrar com seu nome e e-mail para poder prosseguir para o formul\u00e1rio de registro.<\/p>\n\n\n\n<p class=\"has-medium-font-size\">Um usu\u00e1rio pode ter um ou mais perfis associados \u00e0 sua conta. O perfil mostra a trajet\u00f3ria, v\u00eddeos, grava\u00e7\u00f5es e tudo o que ilustra a trajet\u00f3ria profissional ou a institui\u00e7\u00e3o ou o evento.<\/p>\n\n\n\n<div class=\"wp-block-buttons is-content-justification-left is-layout-flex wp-container-core-buttons-is-layout-fc4fd283 wp-block-buttons-is-layout-flex\">\n<div class=\"wp-block-button has-custom-width wp-block-button__width-50 postular\"><a class=\"wp-block-button__link wp-element-button\" href=\"https:\/\/groovelist.co\/pt_br\/login\/\">Candidatar-se<\/a><\/div>\n<\/div>\n<\/div>\n<\/div>\n<\/div>\n","protected":false},"excerpt":{"rendered":"<p>Devido \u00e0 otimiza\u00e7\u00e3o do site da Iberm\u00fasicas, processamos os dados de nossos editais e concursos em uma plataforma chamada \u00abGrooveList\u00bb. Se voc\u00ea j\u00e1 tem um usu\u00e1rio no \u00abGrooveList\u00bb, pode inserir seus dados e prosseguir para o formul\u00e1rio de registro. Se voc\u00ea n\u00e3o tem um nome de usu\u00e1rio, dever\u00e1 se registrar com seu nome e e-mail [&hellip;]<\/p>\n","protected":false},"author":12,"featured_media":0,"parent":0,"menu_order":0,"comment_status":"closed","ping_status":"closed","template":"","meta":{"_monsterinsights_skip_tracking":false,"_monsterinsights_sitenote_active":false,"_monsterinsights_sitenote_note":"","_monsterinsights_sitenote_category":0,"footnotes":""},"class_list":["post-24557","page","type-page","status-publish","hentry"],"lang":"pt","translations":{"pt":24557,"en":25911,"es":24553},"pll_sync_post":[],"post_mailing_queue_ids":[],"_links":{"self":[{"href":"https:\/\/www.ibermusicas.org\/index.php\/wp-json\/wp\/v2\/pages\/24557","targetHints":{"allow":["GET"]}}],"collection":[{"href":"https:\/\/www.ibermusicas.org\/index.php\/wp-json\/wp\/v2\/pages"}],"about":[{"href":"https:\/\/www.ibermusicas.org\/index.php\/wp-json\/wp\/v2\/types\/page"}],"author":[{"embeddable":true,"href":"https:\/\/www.ibermusicas.org\/index.php\/wp-json\/wp\/v2\/users\/12"}],"replies":[{"embeddable":true,"href":"https:\/\/www.ibermusicas.org\/index.php\/wp-json\/wp\/v2\/comments?post=24557"}],"version-history":[{"count":1,"href":"https:\/\/www.ibermusicas.org\/index.php\/wp-json\/wp\/v2\/pages\/24557\/revisions"}],"predecessor-version":[{"id":25918,"href":"https:\/\/www.ibermusicas.org\/index.php\/wp-json\/wp\/v2\/pages\/24557\/revisions\/25918"}],"wp:attachment":[{"href":"https:\/\/www.ibermusicas.org\/index.php\/wp-json\/wp\/v2\/media?parent=24557"}],"curies":[{"name":"wp","href":"https:\/\/api.w.org\/{rel}","templated":true}]}}